{"id":4658,"date":"2020-10-22T09:01:59","date_gmt":"2020-10-22T09:01:59","guid":{"rendered":"https:\/\/woerterwege.wababbel.de\/?page_id=4658"},"modified":"2020-10-22T09:02:00","modified_gmt":"2020-10-22T09:02:00","slug":"anderer-leute-wege","status":"publish","type":"page","link":"https:\/\/woerterwege.wababbel.de\/?page_id=4658","title":{"rendered":"anderer Leute Wege"},"content":{"rendered":"\n<pre id=\"line1\" class=\"wp-block-preformatted\">\n<a href=\"http:\/\/anneschuessler.com\/\">Ach komm, geh wech!<\/a><br\/>\n<a href=\"http:\/\/www.ankegroener.de\/blog\/\">Anke Gr\u00f6ner<\/a><br\/>\n<a href=\"http:\/\/www.wolfgang-herrndorf.de\/\">Arbeit und Struktur<\/a><br\/>\n<a href=\"https:\/\/barfussauflego.wordpress.com\/\">Barfuss auf Lego<\/a><br\/>\n<a href=\"http:\/\/www.buddenbohm-und-soehne.de\/\">Buddenbohm &amp; S\u00f6hne<\/a><br\/>\n<a href=\"https:\/\/wieselblog.wordpress.com\/\">Da muss man sich nicht wundern,<\/a><br\/>\n<a href=\"http:\/\/fraunessy.vanessagiese.de\/\">Drau\u00dfen nur K\u00e4nnchen<\/a><br\/>\n<a href=\"http:\/\/fragmente.me\/\">fragmente<\/a><br\/>\n<a href=\"http:\/\/bruellen.blogspot.de\/\">Gut gebr\u00fcllt<\/a><br\/>\n<a href=\"http:\/\/herrpaul.me\/\">herrpaul_<\/a><br\/>\n<a href=\"http:\/\/isabelbogdan.de\/\">is a blog<\/a><br\/>\n<a href=\"http:\/\/jademond.de\/\">Jademond<\/a><br\/>\n<a href=\"https:\/\/www.jawl.net\/\">just another weblog<\/a><br\/>\n<a href=\"https:\/\/kraulquappe.com\/\">Kraulquappe<\/a><br\/>\n<a href=\"http:\/\/landlebenblog.org\/\">LandLebenBlog<\/a><br\/>\n<a href=\"http:\/\/montezblog.de\/\">Notizen von JWD<\/a><br\/>\n<a href=\"http:\/\/novemberregen.blogger.de\/\">Novemberregen<\/a><br\/>\n<a href=\"https:\/\/rabensalat.wordpress.com\/\">rabensalat<\/a><br\/>\n<a href=\"http:\/\/mequito.org\/\">spaeter, truebe<\/a><br\/>\n<a href=\"https:\/\/stillblog.net\/\">Stills<\/a><br\/>\n<a href=\"http:\/\/www.vorspeisenplatte.de\">Vorspeisenplatte<\/a><br\/>\n<a href=\"http:\/\/www.nicole.penarctica.com\/\">Wildnisblog<\/a><br\/>\n<\/pre>\n\n\n\n<p><\/p>\n","protected":false},"excerpt":{"rendered":"<p>Ach komm, geh wech! Anke Gr\u00f6ner Arbeit und Struktur Barfuss auf Lego Buddenbohm &amp; S\u00f6hne Da muss man sich nicht wundern, Drau\u00dfen nur K\u00e4nnchen fragmente Gut gebr\u00fcllt herrpaul_ is a blog Jademond just another weblog Kraulquappe LandLebenBlog Notizen von JWD Novemberregen rabensalat spaeter, truebe Stills Vorspeisenplatte Wildnisblog<\/p>\n","protected":false},"author":2,"featured_media":0,"parent":0,"menu_order":0,"comment_status":"closed","ping_status":"closed","template":"","meta":{"footnotes":""},"class_list":["post-4658","page","type-page","status-publish","hentry"],"_links":{"self":[{"href":"https:\/\/woerterwege.wababbel.de\/index.php?rest_route=\/wp\/v2\/pages\/4658","targetHints":{"allow":["GET"]}}],"collection":[{"href":"https:\/\/woerterwege.wababbel.de\/index.php?rest_route=\/wp\/v2\/pages"}],"about":[{"href":"https:\/\/woerterwege.wababbel.de\/index.php?rest_route=\/wp\/v2\/types\/page"}],"author":[{"embeddable":true,"href":"https:\/\/woerterwege.wababbel.de\/index.php?rest_route=\/wp\/v2\/users\/2"}],"replies":[{"embeddable":true,"href":"https:\/\/woerterwege.wababbel.de\/index.php?rest_route=%2Fwp%2Fv2%2Fcomments&post=4658"}],"version-history":[{"count":5,"href":"https:\/\/woerterwege.wababbel.de\/index.php?rest_route=\/wp\/v2\/pages\/4658\/revisions"}],"predecessor-version":[{"id":4663,"href":"https:\/\/woerterwege.wababbel.de\/index.php?rest_route=\/wp\/v2\/pages\/4658\/revisions\/4663"}],"wp:attachment":[{"href":"https:\/\/woerterwege.wababbel.de\/index.php?rest_route=%2Fwp%2Fv2%2Fmedia&parent=4658"}],"curies":[{"name":"wp","href":"https:\/\/api.w.org\/{rel}","templated":true}]}}